{"id":5872,"date":"2016-03-04T12:45:06","date_gmt":"2016-03-04T11:45:06","guid":{"rendered":"http:\/\/www.mediaart.co.at\/wordpress\/?page_id=5872"},"modified":"2025-08-25T11:39:37","modified_gmt":"2025-08-25T09:39:37","slug":"impressum","status":"publish","type":"page","link":"https:\/\/www.mediaart.co.at\/wordpress\/impressum\/","title":{"rendered":"Impressum"},"content":{"rendered":"<section class=\"l-section wpb_row height_medium\"><div class=\"l-section-h i-cf\"><div class=\"g-cols vc_row type_default valign_top\"><div class=\"vc_col-sm-12 wpb_column vc_column_container\"><div class=\"vc_column-inner\"><div class=\"wpb_wrapper\"><div class=\"wpb_text_column\" ><div class=\"wpb_wrapper\"><h1 style=\"text-align: center;\"><span style=\"color: #464646;\">Impressum<\/span><\/h1>\n<h6 style=\"text-align: center;\"><span style=\"color: #464646;\">Rechtliche Hinweise f\u00fcr unsere Zusammenarbeit.<\/span><\/h6>\n<h6 style=\"text-align: center;\"><\/h6>\n<\/div><\/div><div class=\"wpb_text_column\" ><div class=\"wpb_wrapper\"><p>mediaart Filmproduktion e.U.<br \/>\nG\u00fcnter Pachschw\u00f6ll<\/p>\n<p>Gut am Steg 1<br \/>\n3620 Spitz an der Donau<br \/>\nTelefon: +43 660 5600700<br \/>\nE-Mail:\u00a0<a href=\"mailto:office@mediaart.at\">info@mediaart.co.at<\/a><\/p>\n<p><a class=\"impressum\" href=\"https:\/\/firmen.wko.at\/Web\/DetailsKontakt.aspx?FirmaID=b5e5f390-58ec-485a-85fe-0ac2aa1a7d81&amp;StandortID=0&amp;Suchbegriff=mediaart&amp;Page=1\" target=\"_blank\" rel=\"noopener noreferrer\">\u00bb Offenlegung nach \u00a7 25 Mediengesetz<\/a><\/p>\n<p>&nbsp;<\/p>\n<h4><strong>Copyright \/ Markenschutz<\/strong><\/h4>\n<p>Diese Website und all ihre Inhalte und Bilder sind \u00a9 by \u201eMediaart Filmproduktion\u201c urheberrechtlich gesch\u00fctzt \u2013 sofern nicht ausdr\u00fccklich anders angegeben. Texte und Bilder sowie Ideen, Audio- und Videomaterial darf ohne meine ausdr\u00fcckliche Zustimmung nicht verwendet werden. Ausgenommen davon ist s\u00e4mtliches Material, das f\u00fcr Pressearbeit verwendet wird. Dieses d\u00fcrfen Sie f\u00fcr die Verbreitung der Information verwenden \u2013 das Urheberrecht des zur Verf\u00fcgung gestellten Materials verbleibt weiterhin bei\u00a0\u201eMediaart Filmproduktion\u201c.<\/p>\n<p>&nbsp;<\/p>\n<h4><strong>Haftungsausschluss<\/strong><\/h4>\n<p><strong>Haftung f\u00fcr Inhalte<\/strong><\/p>\n<p>Die Inhalte meiner Site wurden mit gr\u00f6\u00dfter Sorgfalt erstellt. F\u00fcr die Richtigkeit, Vollst\u00e4ndigkeit und Aktualit\u00e4t der Inhalte kann ich jedoch keine Gew\u00e4hr \u00fcbernehmen. Als Diensteanbieter sind wir gem\u00e4\u00df \u00a7 7 Abs.1 TMG f\u00fcr eigene Inhalte auf diesen Seiten nach den allgemeinen Gesetzen verantwortlich. Nach \u00a7\u00a7 8 bis 10 TMG sind wir als Diensteanbieter jedoch nicht verpflichtet, \u00fcbermittelte oder gespeicherte fremde Informationen zu \u00fcberwachen oder nach Umst\u00e4nden zu forschen, die auf eine rechtswidrige T\u00e4tigkeit hinweisen. Verpflichtungen zur Entfernung oder Sperrung der Nutzung von Informationen nach den allgemeinen Gesetzen bleiben hiervon unber\u00fchrt. Eine diesbez\u00fcgliche Haftung ist jedoch erst ab dem Zeitpunkt der Kenntnis einer konkreten Rechtsverletzung m\u00f6glich. Bei Bekanntwerden von entsprechenden Rechtsverletzungen werde ich diese Inhalte umgehend entfernen.<\/p>\n<p>&nbsp;<\/p>\n<p><strong>Haftung f\u00fcr Links<\/strong><\/p>\n<p>Meine Website enth\u00e4lt Links zu externen Webseiten Dritter, auf deren Inhalte ich keinen Einfluss habe. Deshalb kann ich f\u00fcr diese fremden Inhalte auch keine Gew\u00e4hr \u00fcbernehmen. F\u00fcr die Inhalte der verlinkten Seiten ist stets der jeweilige Anbieter oder Betreiber der Seiten verantwortlich. Die verlinkten Seiten wurden zum Zeitpunkt der Verlinkung auf m\u00f6gliche Rechtsverst\u00f6\u00dfe \u00fcberpr\u00fcft. Rechtswidrige Inhalte waren zum Zeitpunkt der Verlinkung nicht erkennbar. Eine permanente inhaltliche Kontrolle der verlinkten Seiten ist jedoch ohne konkrete Anhaltspunkte einer Rechtsverletzung nicht zumutbar. Bei Bekanntwerden von Rechtsverletzungen werde ich derartige Links umgehend entfernen.<\/p>\n<p>&nbsp;<\/p>\n<h4><strong>Datenschutz<\/strong><\/h4>\n<p>Die Nutzung dieser Webseite ist in der Regel ohne Angabe personenbezogener Daten m\u00f6glich. Soweit auf meiner Site personenbezogene Daten (beispielsweise Name, Anschrift oder eMail-Adressen) erhoben werden, erfolgt dies, soweit m\u00f6glich, stets auf freiwilliger Basis. Diese Daten werden ohne Ihre ausdr\u00fcckliche Zustimmung nicht an Dritte weitergegeben.<\/p>\n<p>Ich m\u00f6chte darauf hinweisen, dass die Daten\u00fcbertragung im Internet (z.B. bei der Kommunikation per E-Mail) Sicherheitsl\u00fccken aufweisen kann. Ein l\u00fcckenloser Schutz der Daten vor dem Zugriff durch Dritte ist nicht m\u00f6glich. Der Nutzung von im Rahmen der Impressumspflicht ver\u00f6ffentlichten Kontaktdaten durch Dritte zur \u00dcbersendung von nicht ausdr\u00fccklich angeforderter Werbung und Informationsmaterialien wird hiermit ausdr\u00fccklich widersprochen. Die Betreiber der Seiten behalten sich ausdr\u00fccklich rechtliche Schritte im Falle der unverlangten Zusendung von Werbeinformationen, etwa durch Spam-Mails, vor.<\/p>\n<p>&nbsp;<\/p>\n<p><strong>Google Analytics und Cookies<\/strong><\/p>\n<p>Diese Website benutzt Google Analytics, einen Webanalysedienst der Google Inc. (\u201eGoogle\u201c) Google Analytics verwendet sg. \u201eCookies\u201c, Textdateien, die auf Ihrem Computer gespeichert werden und die eine Analyse der Benutzung der Website durch Sie erm\u00f6glicht. Die durch das Cookie erzeugten Informationen \u00fcber Ihre Benutzung diese Website (einschlie\u00dflich Ihrer IP-Adresse) werden an einen Server von Google in den USA \u00fcbertragen und dort gespeichert. Google wird diese Informationen benutzen, um Ihre Nutzung der Website auszuwerten, um Reports \u00fcber die Websiteaktivit\u00e4ten f\u00fcr die Websitebetreiber zusammenzustellen und um weitere mit der Websitenutzung und der Internetnutzung verbundene Dienstleistungen zu erbringen. Auch wird Google diese Informationen gegebenenfalls an Dritte \u00fcbertragen, sofern dies gesetzlich vorgeschrieben ist oder soweit Dritte diese Daten im Auftrag von Google verarbeiten. Google wird in keinem Fall Ihre IP-Adresse mit anderen Daten der Google in Verbindung bringen. Sie k\u00f6nnen die Installation der Cookies durch eine entsprechende Einstellung Ihrer Browser Software verhindern; wir weisen Sie jedoch darauf hin, dass Sie in diesem Fall gegebenenfalls nicht s\u00e4mtliche Funktionen dieser Website voll umf\u00e4nglich nutzen k\u00f6nnen. Durch die Nutzung dieser Website erkl\u00e4ren Sie sich mit der Bearbeitung der \u00fcber Sie erhobenen Daten durch Google in der zuvor beschriebenen Art und Weise und zu dem zuvor benannten Zweck einverstanden.<\/p>\n<p>&nbsp;<\/p>\n<p>F\u00fcr weitere Fragen zu dieser Website bzw. den Datenschutz-Bestimmungen, dem Einsatz von Google Analytics oder der Verlinkung dieser Seite, kontaktieren Sie mich bitte unter office@mediaart.at<\/p>\n<p>&nbsp;<\/p>\n<\/div><\/div><div class=\"aio-icon-component   style_2\"><a class=\"aio-icon-box-link\" href=\"https:\/\/firmen.wko.at\/Web\/DetailsKontakt.aspx?FirmaID=b5e5f390-58ec-485a-85fe-0ac2aa1a7d81\" target=\"_blank\"><div id=\"Info-box-wrap-1759\" class=\"aio-icon-box default-icon\" style=\"\"  ><div class=\"aio-icon-default\"><div class=\"ult-just-icon-wrapper \"><div class=\"align-icon\" style=\"text-align:center;\">\n<div class=\"aio-icon-img \" style=\"font-size:200px;display:inline-block;\" >\n\t<img class=\"img-icon\" alt=\"\" src=\"https:\/\/www.mediaart.co.at\/wordpress\/wp-content\/uploads\/2016\/03\/weboo-wko-ecg-logo.jpg\"\/>\n<\/div><\/div><\/div><\/div><\/div> <!-- aio-icon-box --><\/a><\/div> <!-- aio-icon-component --><\/div><\/div><\/div><\/div><\/div><\/section><!-- Row Backgrounds --><div class=\"upb_grad\" data-grad=\"background: url(data:image\/svg+xml;base64,PHN2ZyB4bWxucz0iaHR0cDovL3d3dy53My5vcmcvMjAwMC9zdmciPjxkZWZzPjxsaW5lYXJHcmFkaWVudCBpZD0iZ3JhZGllbnQiIHgxPSIwJSIgeTE9IjAlIiB4Mj0iMCUiIHkyPSIxMDAlIj48c3RvcCBvZmZzZXQ9IjAlIiBzdHlsZT0ic3RvcC1jb2xvcjojRkZGRkZGOyIgLz48L2xpbmVhckdyYWRpZW50PjwvZGVmcz48cmVjdCBmaWxsPSJ1cmwoI2dyYWRpZW50KSIgaGVpZ2h0PSIxMDAlIiB3aWR0aD0iMTAwJSIgLz48L3N2Zz4=);background: -webkit-gradient(linear, left top, left bottom, color-stop(0%, #FFFFFF));background: -moz-linear-gradient(left,#FFFFFF 0%);background: -webkit-linear-gradient(left,#FFFFFF 0%);background: -o-linear-gradient(left,#FFFFFF 0%);background: -ms-linear-gradient(left,#FFFFFF 0%);background: linear-gradient(left,#FFFFFF 0%);\" data-bg-override=\"0\" data-upb-overlay-color=\"\" data-upb-bg-animation=\"\" data-fadeout=\"\" data-fadeout-percentage=\"30\" data-parallax-content=\"\" data-parallax-content-sense=\"30\" data-row-effect-mobile-disable=\"true\" data-img-parallax-mobile-disable=\"true\" data-rtl=\"false\"  data-custom-vc-row=\"\"  data-vc=\"6.5.0\"  data-theme-support=\"\"   data-overlay=\"false\" data-overlay-color=\"\" data-overlay-pattern=\"\" data-overlay-pattern-opacity=\"\" data-overlay-pattern-size=\"\"    ><\/div>\n","protected":false},"excerpt":{"rendered":"Impressum Rechtliche Hinweise f\u00fcr unsere Zusammenarbeit. mediaart Filmproduktion e.U. G\u00fcnter Pachschw\u00f6ll Gut am Steg 1 3620 Spitz an der Donau Telefon: +43 660 5600700 E-Mail:\u00a0info@mediaart.co.at \u00bb Offenlegung nach \u00a7 25 Mediengesetz &nbsp; Copyright \/ Markenschutz Diese Website und all ihre Inhalte und Bilder sind \u00a9 by \u201eMediaart Filmproduktion\u201c urheberrechtlich gesch\u00fctzt \u2013 sofern nicht ausdr\u00fccklich anders...","protected":false},"author":1,"featured_media":0,"parent":0,"menu_order":0,"comment_status":"closed","ping_status":"open","template":"","meta":[],"aioseo_notices":[],"_links":{"self":[{"href":"https:\/\/www.mediaart.co.at\/wordpress\/wp-json\/wp\/v2\/pages\/5872"}],"collection":[{"href":"https:\/\/www.mediaart.co.at\/wordpress\/wp-json\/wp\/v2\/pages"}],"about":[{"href":"https:\/\/www.mediaart.co.at\/wordpress\/wp-json\/wp\/v2\/types\/page"}],"author":[{"embeddable":true,"href":"https:\/\/www.mediaart.co.at\/wordpress\/wp-json\/wp\/v2\/users\/1"}],"replies":[{"embeddable":true,"href":"https:\/\/www.mediaart.co.at\/wordpress\/wp-json\/wp\/v2\/comments?post=5872"}],"version-history":[{"count":6,"href":"https:\/\/www.mediaart.co.at\/wordpress\/wp-json\/wp\/v2\/pages\/5872\/revisions"}],"predecessor-version":[{"id":7169,"href":"https:\/\/www.mediaart.co.at\/wordpress\/wp-json\/wp\/v2\/pages\/5872\/revisions\/7169"}],"wp:attachment":[{"href":"https:\/\/www.mediaart.co.at\/wordpress\/wp-json\/wp\/v2\/media?parent=5872"}],"curies":[{"name":"wp","href":"https:\/\/api.w.org\/{rel}","templated":true}]}}